{"id":1598,"date":"2022-09-25T08:58:57","date_gmt":"2022-09-25T05:58:57","guid":{"rendered":"https:\/\/www.palivoslift.gr\/installazione-ristrutturazione-riparazione\/"},"modified":"2022-09-25T15:08:29","modified_gmt":"2022-09-25T12:08:29","slug":"installazione-ristrutturazione-riparazione","status":"publish","type":"page","link":"https:\/\/www.palivoslift.gr\/it\/installazione-ristrutturazione-riparazione\/","title":{"rendered":"Installazione &#8211; Ristrutturazione &#8211; Riparazione"},"content":{"rendered":"\n<h3 class=\"wp-block-heading\">INSTALLAZIONE ASCENSORI<\/h3>\n\n<p>Il nostro know-how e la pluriennale esperienza, il personale specializzato e la perfetta organizzazione ci permettono di intraprendere l&#8217;installazione di qualsiasi ascensore o macchina di sollevamento. La squadra di installazione di PALYVOS P. &amp; D. S.A. \u00e8 composto da tecnici e assistenti installatori di ascensori con esperienza pluriennale nell&#8217;installazione di ascensori &#8211; scale mobili e macchine di sollevamento.<\/p>\n\n<p>La nostra azienda applica un sistema di controllo qualit\u00e0 con modulistica e procedure rigorose in ogni fase dell&#8217;installazione. Per ogni progetto, conserviamo la documentazione tecnica, dalla fase di progettazione al suo completamento, al fine di garantire la funzionalit\u00e0, l&#8217;affidabilit\u00e0 e la sicurezza dell&#8217;ascensore che forniamo.<\/p>\n\n<p>Contattaci per la progettazione, la costruzione e l&#8217;installazione del tuo vano ascensore, in modo che possiamo ottenere che l&#8217;ascensore che verr\u00e0 installato soddisfi le tue esigenze. I nostri ingegneri sono a tua disposizione per consigliarti le dimensioni richieste in modo che tu possa installare l&#8217;ascensore che fa per te e sfruttare nel modo pi\u00f9 efficiente lo spazio a tua disposizione.<\/p>\n\n<h3 class=\"wp-block-heading\">RISTRUTTURAZIONE ASCENSORI<\/h3>\n\n<p>PALYVOS P. &amp; D. S.A. seguendo i requisiti della direttiva comunitaria per l&#8217;ammodernamento e la sicurezza degli ascensori che \u00e8 stata armonizzata nel quadro legislativo greco con la F.E.K. 1797B 21.12.05 e la norma EN 81.80, propone comunque la soluzione adeguata per l&#8217;aggiornamento funzionale ed estetico del vostro ascensore.<\/p>\n\n<p>Siamo sempre al tuo fianco per consigliarti e aiutarti a rinnovare al meglio il tuo ascensore, sia che si tratti di componenti di sicurezza e parti meccaniche che di impianti estetici come cabina, quadro, porte e pavimenti. Rinnovando il tuo ascensore:<\/p>\n\n<ul class=\"wp-block-list\"><li>Le singole parti vecchie degli ascensori vengono sostituite sia perch\u00e9 hanno subito danni a causa del loro utilizzo, sia perch\u00e9 non soddisfano le nuove specifiche previste dalla normativa.<\/li><li>Il livello di sicurezza e comfort degli utenti dell&#8217;ascensore \u00e8 stato aggiornato.<\/li><li>Il valore della tua propriet\u00e0 viene aggiornato poich\u00e9 l&#8217;ascensore \u00e8 un elemento funzionale chiave dell&#8217;edificio.<\/li><li>L&#8217;estetica dell&#8217;ascensore \u00e8 migliorata, che diminuisce notevolmente con il passare del tempo.<\/li><li>Si ottiene una funzionalit\u00e0 di sollevamento ottimale.<\/li><\/ul>","protected":false},"excerpt":{"rendered":"<p>INSTALLAZIONE ASCENSORI Il nostro know-how e la pluriennale esperienza, il personale specializzato e la perfetta organizzazione ci permettono di intraprendere l&#8217;installazione di qualsiasi ascensore &#8230;<\/p>\n","protected":false},"author":1,"featured_media":0,"parent":0,"menu_order":0,"comment_status":"closed","ping_status":"closed","template":"","meta":{"footnotes":""},"class_list":["post-1598","page","type-page","status-publish","hentry"],"yoast_head":"<!-- This site is optimized with the Yoast SEO plugin v27.5 - https:\/\/yoast.com\/product\/yoast-seo-wordpress\/ -->\n<title>Installazione - Ristrutturazione - Riparazione - PALYVOS S.A - Societ\u00e0 Tecnica per Ascensori<\/title>\n<meta name=\"robots\" content=\"index, follow, max-snippet:-1, max-image-preview:large, max-video-preview:-1\" \/>\n<link rel=\"canonical\" href=\"https:\/\/www.palivoslift.gr\/\u03b5\u03b3\u03ba\u03b1\u03c4\u03ac\u03c3\u03c4\u03b1\u03c3\u03b7-\u03b1\u03bd\u03b1\u03ba\u03b1\u03af\u03bd\u03b9\u03c3\u03b7-\u03b5\u03c0\u03b9\u03c3\u03ba\u03b5\u03c5\u03ae\/\" \/>\n<meta property=\"og:locale\" content=\"it_IT\" \/>\n<meta property=\"og:type\" content=\"article\" \/>\n<meta property=\"og:title\" content=\"Installazione - Ristrutturazione - Riparazione - PALYVOS S.A - Societ\u00e0 Tecnica per Ascensori\" \/>\n<meta property=\"og:description\" content=\"INSTALLAZIONE ASCENSORI Il nostro know-how e la pluriennale esperienza, il personale specializzato e la perfetta organizzazione ci permettono di intraprendere l&#8217;installazione di qualsiasi ascensore ...\" \/>\n<meta property=\"og:url\" content=\"https:\/\/www.palivoslift.gr\/\u03b5\u03b3\u03ba\u03b1\u03c4\u03ac\u03c3\u03c4\u03b1\u03c3\u03b7-\u03b1\u03bd\u03b1\u03ba\u03b1\u03af\u03bd\u03b9\u03c3\u03b7-\u03b5\u03c0\u03b9\u03c3\u03ba\u03b5\u03c5\u03ae\/\" \/>\n<meta property=\"og:site_name\" content=\"PALYVOS S.A - Societ\u00e0 Tecnica per Ascensori\" \/>\n<meta property=\"article:modified_time\" content=\"2022-09-25T12:08:29+00:00\" \/>\n<meta name=\"twitter:card\" content=\"summary_large_image\" \/>\n<meta name=\"twitter:label1\" content=\"Tempo di lettura stimato\" \/>\n\t<meta name=\"twitter:data1\" content=\"2 minuti\" \/>\n<script type=\"application\/ld+json\" class=\"yoast-schema-graph\">{\"@context\":\"https:\\\/\\\/schema.org\",\"@graph\":[{\"@type\":\"WebPage\",\"@id\":\"https:\\\/\\\/www.palivoslift.gr\\\/%ce%b5%ce%b3%ce%ba%ce%b1%cf%84%ce%ac%cf%83%cf%84%ce%b1%cf%83%ce%b7-%ce%b1%ce%bd%ce%b1%ce%ba%ce%b1%ce%af%ce%bd%ce%b9%cf%83%ce%b7-%ce%b5%cf%80%ce%b9%cf%83%ce%ba%ce%b5%cf%85%ce%ae\\\/\",\"url\":\"https:\\\/\\\/www.palivoslift.gr\\\/%ce%b5%ce%b3%ce%ba%ce%b1%cf%84%ce%ac%cf%83%cf%84%ce%b1%cf%83%ce%b7-%ce%b1%ce%bd%ce%b1%ce%ba%ce%b1%ce%af%ce%bd%ce%b9%cf%83%ce%b7-%ce%b5%cf%80%ce%b9%cf%83%ce%ba%ce%b5%cf%85%ce%ae\\\/\",\"name\":\"Installazione - Ristrutturazione - Riparazione - PALYVOS S.A - Societ\u00e0 Tecnica per Ascensori\",\"isPartOf\":{\"@id\":\"https:\\\/\\\/www.palivoslift.gr\\\/#website\"},\"datePublished\":\"2022-09-25T05:58:57+00:00\",\"dateModified\":\"2022-09-25T12:08:29+00:00\",\"breadcrumb\":{\"@id\":\"https:\\\/\\\/www.palivoslift.gr\\\/%ce%b5%ce%b3%ce%ba%ce%b1%cf%84%ce%ac%cf%83%cf%84%ce%b1%cf%83%ce%b7-%ce%b1%ce%bd%ce%b1%ce%ba%ce%b1%ce%af%ce%bd%ce%b9%cf%83%ce%b7-%ce%b5%cf%80%ce%b9%cf%83%ce%ba%ce%b5%cf%85%ce%ae\\\/#breadcrumb\"},\"inLanguage\":\"it-IT\",\"potentialAction\":[{\"@type\":\"ReadAction\",\"target\":[\"https:\\\/\\\/www.palivoslift.gr\\\/%ce%b5%ce%b3%ce%ba%ce%b1%cf%84%ce%ac%cf%83%cf%84%ce%b1%cf%83%ce%b7-%ce%b1%ce%bd%ce%b1%ce%ba%ce%b1%ce%af%ce%bd%ce%b9%cf%83%ce%b7-%ce%b5%cf%80%ce%b9%cf%83%ce%ba%ce%b5%cf%85%ce%ae\\\/\"]}]},{\"@type\":\"BreadcrumbList\",\"@id\":\"https:\\\/\\\/www.palivoslift.gr\\\/%ce%b5%ce%b3%ce%ba%ce%b1%cf%84%ce%ac%cf%83%cf%84%ce%b1%cf%83%ce%b7-%ce%b1%ce%bd%ce%b1%ce%ba%ce%b1%ce%af%ce%bd%ce%b9%cf%83%ce%b7-%ce%b5%cf%80%ce%b9%cf%83%ce%ba%ce%b5%cf%85%ce%ae\\\/#breadcrumb\",\"itemListElement\":[{\"@type\":\"ListItem\",\"position\":1,\"name\":\"Home\",\"item\":\"https:\\\/\\\/www.palivoslift.gr\\\/it\\\/\"},{\"@type\":\"ListItem\",\"position\":2,\"name\":\"Installazione &#8211; Ristrutturazione &#8211; Riparazione\"}]},{\"@type\":\"WebSite\",\"@id\":\"https:\\\/\\\/www.palivoslift.gr\\\/#website\",\"url\":\"https:\\\/\\\/www.palivoslift.gr\\\/\",\"name\":\"\u03a0\u0391\u039b\u03a5\u0392\u039f\u03a3 \u0391.\u0395 - \u03a4\u03b5\u03c7\u03bd\u03b9\u03ba\u03ae \u0395\u03c4\u03b1\u03b9\u03c1\u03af\u03b1 \u0391\u03bd\u03b5\u03bb\u03ba\u03c5\u03c3\u03c4\u03ae\u03c1\u03c9\u03bd\",\"description\":\"\",\"publisher\":{\"@id\":\"https:\\\/\\\/www.palivoslift.gr\\\/#organization\"},\"potentialAction\":[{\"@type\":\"SearchAction\",\"target\":{\"@type\":\"EntryPoint\",\"urlTemplate\":\"https:\\\/\\\/www.palivoslift.gr\\\/?s={search_term_string}\"},\"query-input\":{\"@type\":\"PropertyValueSpecification\",\"valueRequired\":true,\"valueName\":\"search_term_string\"}}],\"inLanguage\":\"it-IT\"},{\"@type\":\"Organization\",\"@id\":\"https:\\\/\\\/www.palivoslift.gr\\\/#organization\",\"name\":\"\u03a0\u0391\u039b\u03a5\u0392\u039f\u03a3 \u0391.\u0395 - \u03a4\u03b5\u03c7\u03bd\u03b9\u03ba\u03ae \u0395\u03c4\u03b1\u03b9\u03c1\u03af\u03b1 \u0391\u03bd\u03b5\u03bb\u03ba\u03c5\u03c3\u03c4\u03ae\u03c1\u03c9\u03bd\",\"url\":\"https:\\\/\\\/www.palivoslift.gr\\\/\",\"logo\":{\"@type\":\"ImageObject\",\"inLanguage\":\"it-IT\",\"@id\":\"https:\\\/\\\/www.palivoslift.gr\\\/#\\\/schema\\\/logo\\\/image\\\/\",\"url\":\"https:\\\/\\\/www.palivoslift.gr\\\/wp-content\\\/uploads\\\/2022\\\/09\\\/palivos-anelkistires-black.jpg\",\"contentUrl\":\"https:\\\/\\\/www.palivoslift.gr\\\/wp-content\\\/uploads\\\/2022\\\/09\\\/palivos-anelkistires-black.jpg\",\"width\":300,\"height\":60,\"caption\":\"\u03a0\u0391\u039b\u03a5\u0392\u039f\u03a3 \u0391.\u0395 - \u03a4\u03b5\u03c7\u03bd\u03b9\u03ba\u03ae \u0395\u03c4\u03b1\u03b9\u03c1\u03af\u03b1 \u0391\u03bd\u03b5\u03bb\u03ba\u03c5\u03c3\u03c4\u03ae\u03c1\u03c9\u03bd\"},\"image\":{\"@id\":\"https:\\\/\\\/www.palivoslift.gr\\\/#\\\/schema\\\/logo\\\/image\\\/\"}}]}<\/script>\n<!-- \/ Yoast SEO plugin. -->","yoast_head_json":{"title":"Installazione - Ristrutturazione - Riparazione - PALYVOS S.A - Societ\u00e0 Tecnica per Ascensori","robots":{"index":"index","follow":"follow","max-snippet":"max-snippet:-1","max-image-preview":"max-image-preview:large","max-video-preview":"max-video-preview:-1"},"canonical":"https:\/\/www.palivoslift.gr\/\u03b5\u03b3\u03ba\u03b1\u03c4\u03ac\u03c3\u03c4\u03b1\u03c3\u03b7-\u03b1\u03bd\u03b1\u03ba\u03b1\u03af\u03bd\u03b9\u03c3\u03b7-\u03b5\u03c0\u03b9\u03c3\u03ba\u03b5\u03c5\u03ae\/","og_locale":"it_IT","og_type":"article","og_title":"Installazione - Ristrutturazione - Riparazione - PALYVOS S.A - Societ\u00e0 Tecnica per Ascensori","og_description":"INSTALLAZIONE ASCENSORI Il nostro know-how e la pluriennale esperienza, il personale specializzato e la perfetta organizzazione ci permettono di intraprendere l&#8217;installazione di qualsiasi ascensore ...","og_url":"https:\/\/www.palivoslift.gr\/\u03b5\u03b3\u03ba\u03b1\u03c4\u03ac\u03c3\u03c4\u03b1\u03c3\u03b7-\u03b1\u03bd\u03b1\u03ba\u03b1\u03af\u03bd\u03b9\u03c3\u03b7-\u03b5\u03c0\u03b9\u03c3\u03ba\u03b5\u03c5\u03ae\/","og_site_name":"PALYVOS S.A - Societ\u00e0 Tecnica per Ascensori","article_modified_time":"2022-09-25T12:08:29+00:00","twitter_card":"summary_large_image","twitter_misc":{"Tempo di lettura stimato":"2 minuti"},"schema":{"@context":"https:\/\/schema.org","@graph":[{"@type":"WebPage","@id":"https:\/\/www.palivoslift.gr\/%ce%b5%ce%b3%ce%ba%ce%b1%cf%84%ce%ac%cf%83%cf%84%ce%b1%cf%83%ce%b7-%ce%b1%ce%bd%ce%b1%ce%ba%ce%b1%ce%af%ce%bd%ce%b9%cf%83%ce%b7-%ce%b5%cf%80%ce%b9%cf%83%ce%ba%ce%b5%cf%85%ce%ae\/","url":"https:\/\/www.palivoslift.gr\/%ce%b5%ce%b3%ce%ba%ce%b1%cf%84%ce%ac%cf%83%cf%84%ce%b1%cf%83%ce%b7-%ce%b1%ce%bd%ce%b1%ce%ba%ce%b1%ce%af%ce%bd%ce%b9%cf%83%ce%b7-%ce%b5%cf%80%ce%b9%cf%83%ce%ba%ce%b5%cf%85%ce%ae\/","name":"Installazione - Ristrutturazione - Riparazione - PALYVOS S.A - Societ\u00e0 Tecnica per Ascensori","isPartOf":{"@id":"https:\/\/www.palivoslift.gr\/#website"},"datePublished":"2022-09-25T05:58:57+00:00","dateModified":"2022-09-25T12:08:29+00:00","breadcrumb":{"@id":"https:\/\/www.palivoslift.gr\/%ce%b5%ce%b3%ce%ba%ce%b1%cf%84%ce%ac%cf%83%cf%84%ce%b1%cf%83%ce%b7-%ce%b1%ce%bd%ce%b1%ce%ba%ce%b1%ce%af%ce%bd%ce%b9%cf%83%ce%b7-%ce%b5%cf%80%ce%b9%cf%83%ce%ba%ce%b5%cf%85%ce%ae\/#breadcrumb"},"inLanguage":"it-IT","potentialAction":[{"@type":"ReadAction","target":["https:\/\/www.palivoslift.gr\/%ce%b5%ce%b3%ce%ba%ce%b1%cf%84%ce%ac%cf%83%cf%84%ce%b1%cf%83%ce%b7-%ce%b1%ce%bd%ce%b1%ce%ba%ce%b1%ce%af%ce%bd%ce%b9%cf%83%ce%b7-%ce%b5%cf%80%ce%b9%cf%83%ce%ba%ce%b5%cf%85%ce%ae\/"]}]},{"@type":"BreadcrumbList","@id":"https:\/\/www.palivoslift.gr\/%ce%b5%ce%b3%ce%ba%ce%b1%cf%84%ce%ac%cf%83%cf%84%ce%b1%cf%83%ce%b7-%ce%b1%ce%bd%ce%b1%ce%ba%ce%b1%ce%af%ce%bd%ce%b9%cf%83%ce%b7-%ce%b5%cf%80%ce%b9%cf%83%ce%ba%ce%b5%cf%85%ce%ae\/#breadcrumb","itemListElement":[{"@type":"ListItem","position":1,"name":"Home","item":"https:\/\/www.palivoslift.gr\/it\/"},{"@type":"ListItem","position":2,"name":"Installazione &#8211; Ristrutturazione &#8211; Riparazione"}]},{"@type":"WebSite","@id":"https:\/\/www.palivoslift.gr\/#website","url":"https:\/\/www.palivoslift.gr\/","name":"\u03a0\u0391\u039b\u03a5\u0392\u039f\u03a3 \u0391.\u0395 - \u03a4\u03b5\u03c7\u03bd\u03b9\u03ba\u03ae \u0395\u03c4\u03b1\u03b9\u03c1\u03af\u03b1 \u0391\u03bd\u03b5\u03bb\u03ba\u03c5\u03c3\u03c4\u03ae\u03c1\u03c9\u03bd","description":"","publisher":{"@id":"https:\/\/www.palivoslift.gr\/#organization"},"potentialAction":[{"@type":"SearchAction","target":{"@type":"EntryPoint","urlTemplate":"https:\/\/www.palivoslift.gr\/?s={search_term_string}"},"query-input":{"@type":"PropertyValueSpecification","valueRequired":true,"valueName":"search_term_string"}}],"inLanguage":"it-IT"},{"@type":"Organization","@id":"https:\/\/www.palivoslift.gr\/#organization","name":"\u03a0\u0391\u039b\u03a5\u0392\u039f\u03a3 \u0391.\u0395 - \u03a4\u03b5\u03c7\u03bd\u03b9\u03ba\u03ae \u0395\u03c4\u03b1\u03b9\u03c1\u03af\u03b1 \u0391\u03bd\u03b5\u03bb\u03ba\u03c5\u03c3\u03c4\u03ae\u03c1\u03c9\u03bd","url":"https:\/\/www.palivoslift.gr\/","logo":{"@type":"ImageObject","inLanguage":"it-IT","@id":"https:\/\/www.palivoslift.gr\/#\/schema\/logo\/image\/","url":"https:\/\/www.palivoslift.gr\/wp-content\/uploads\/2022\/09\/palivos-anelkistires-black.jpg","contentUrl":"https:\/\/www.palivoslift.gr\/wp-content\/uploads\/2022\/09\/palivos-anelkistires-black.jpg","width":300,"height":60,"caption":"\u03a0\u0391\u039b\u03a5\u0392\u039f\u03a3 \u0391.\u0395 - \u03a4\u03b5\u03c7\u03bd\u03b9\u03ba\u03ae \u0395\u03c4\u03b1\u03b9\u03c1\u03af\u03b1 \u0391\u03bd\u03b5\u03bb\u03ba\u03c5\u03c3\u03c4\u03ae\u03c1\u03c9\u03bd"},"image":{"@id":"https:\/\/www.palivoslift.gr\/#\/schema\/logo\/image\/"}}]}},"_links":{"self":[{"href":"https:\/\/www.palivoslift.gr\/it\/wp-json\/wp\/v2\/pages\/1598","targetHints":{"allow":["GET"]}}],"collection":[{"href":"https:\/\/www.palivoslift.gr\/it\/wp-json\/wp\/v2\/pages"}],"about":[{"href":"https:\/\/www.palivoslift.gr\/it\/wp-json\/wp\/v2\/types\/page"}],"author":[{"embeddable":true,"href":"https:\/\/www.palivoslift.gr\/it\/wp-json\/wp\/v2\/users\/1"}],"replies":[{"embeddable":true,"href":"https:\/\/www.palivoslift.gr\/it\/wp-json\/wp\/v2\/comments?post=1598"}],"version-history":[{"count":1,"href":"https:\/\/www.palivoslift.gr\/it\/wp-json\/wp\/v2\/pages\/1598\/revisions"}],"predecessor-version":[{"id":1599,"href":"https:\/\/www.palivoslift.gr\/it\/wp-json\/wp\/v2\/pages\/1598\/revisions\/1599"}],"wp:attachment":[{"href":"https:\/\/www.palivoslift.gr\/it\/wp-json\/wp\/v2\/media?parent=1598"}],"curies":[{"name":"wp","href":"https:\/\/api.w.org\/{rel}","templated":true}]}}