{"id":1608,"date":"2022-09-24T20:14:58","date_gmt":"2022-09-24T17:14:58","guid":{"rendered":"https:\/\/www.palivoslift.gr\/piattaforme-disabili\/"},"modified":"2022-09-25T15:13:04","modified_gmt":"2022-09-25T12:13:04","slug":"piattaforme-disabili","status":"publish","type":"page","link":"https:\/\/www.palivoslift.gr\/it\/piattaforme-disabili\/","title":{"rendered":"Piattaforme Disabili"},"content":{"rendered":"\n<p>Molti dei nostri simili devono affrontare difficolt\u00e0 motorie. In PALYVOS P. &amp; D. S.A. crediamo che tutti abbiano il diritto di viaggiare con rispetto, responsabilit\u00e0, comfort e sicurezza. Il nostro obiettivo principale \u00e8 che queste persone si muovano con il massimo comfort possibile. Ecco perch\u00e9 lavoriamo con rispetto e responsabilit\u00e0 per offrire, nel mercato greco e non solo, piattaforme e montascale che migliorino la qualit\u00e0 della vita di tutte le persone con problemi di mobilit\u00e0. Con uno studio dettagliato e un&#8217;attenta pianificazione, riusciamo a trovare la soluzione migliore per qualsiasi problema si presenti, con l&#8217;obiettivo finale della sicurezza e del comfort nei tuoi viaggi. Il nostro motto principale: &#8220;Diritto al trasporto per tutti&#8221;.<\/p>\n\n<figure class=\"wp-block-gallery has-nested-images columns-2 is-cropped wp-block-gallery-1 is-layout-flex wp-block-gallery-is-layout-flex\">\n<figure class=\"wp-block-image size-large\"><img decoding=\"async\" data-id=\"1412\" src=\"https:\/\/www.palivoslift.gr\/wp-content\/uploads\/2022\/09\/anelkistiras-platformas-1-1024x763.jpg\" alt class=\"fy-content__image fy-lazy js-lazy 1\" data-src=\"https:\/\/www.palivoslift.gr\/wp-content\/uploads\/2022\/09\/anelkistiras-platformas-1-1024x763.jpg\"><div class=\"fy-image-loading fy-image-loading--none\" aria-hidden=\"true\"><\/div><\/figure>\n\n\n<figure class=\"wp-block-image size-large\"><img decoding=\"async\" data-id=\"1409\" src=\"https:\/\/www.palivoslift.gr\/wp-content\/uploads\/2022\/09\/anelkistiras-platformas-2-1024x480.jpg\" alt class=\"fy-content__image fy-lazy js-lazy 1\" data-src=\"https:\/\/www.palivoslift.gr\/wp-content\/uploads\/2022\/09\/anelkistiras-platformas-2-1024x480.jpg\"><div class=\"fy-image-loading fy-image-loading--none\" aria-hidden=\"true\"><\/div><\/figure>\n\n\n<figure class=\"wp-block-image size-large\"><img decoding=\"async\" data-id=\"1406\" src=\"https:\/\/www.palivoslift.gr\/wp-content\/uploads\/2022\/09\/anelkistiras-platformas-3.jpg\" alt class=\"fy-content__image fy-lazy js-lazy 1\" data-src=\"https:\/\/www.palivoslift.gr\/wp-content\/uploads\/2022\/09\/anelkistiras-platformas-3.jpg\"><div class=\"fy-image-loading fy-image-loading--none\" aria-hidden=\"true\"><\/div><\/figure><\/figure>\n","protected":false},"excerpt":{"rendered":"<p>Molti dei nostri simili devono affrontare difficolt\u00e0 motorie. In PALYVOS P. &amp; D. S.A. crediamo che tutti abbiano il diritto di viaggiare con rispetto, &#8230;<\/p>\n","protected":false},"author":1,"featured_media":0,"parent":0,"menu_order":0,"comment_status":"closed","ping_status":"closed","template":"","meta":{"footnotes":""},"class_list":["post-1608","page","type-page","status-publish","hentry"],"yoast_head":"<!-- This site is optimized with the Yoast SEO plugin v27.4 - https:\/\/yoast.com\/product\/yoast-seo-wordpress\/ -->\n<title>Piattaforme Disabili - PALYVOS S.A - Societ\u00e0 Tecnica per Ascensori<\/title>\n<meta name=\"robots\" content=\"index, follow, max-snippet:-1, max-image-preview:large, max-video-preview:-1\" \/>\n<link rel=\"canonical\" href=\"https:\/\/www.palivoslift.gr\/\u03c0\u03bb\u03b1\u03c4\u03c6\u03cc\u03c1\u03bc\u03b5\u03c2\/\" \/>\n<meta property=\"og:locale\" content=\"it_IT\" \/>\n<meta property=\"og:type\" content=\"article\" \/>\n<meta property=\"og:title\" content=\"Piattaforme Disabili - PALYVOS S.A - Societ\u00e0 Tecnica per Ascensori\" \/>\n<meta property=\"og:description\" content=\"Molti dei nostri simili devono affrontare difficolt\u00e0 motorie. In PALYVOS P. &amp; D. S.A. crediamo che tutti abbiano il diritto di viaggiare con rispetto, ...\" \/>\n<meta property=\"og:url\" content=\"https:\/\/www.palivoslift.gr\/\u03c0\u03bb\u03b1\u03c4\u03c6\u03cc\u03c1\u03bc\u03b5\u03c2\/\" \/>\n<meta property=\"og:site_name\" content=\"PALYVOS S.A - Societ\u00e0 Tecnica per Ascensori\" \/>\n<meta property=\"article:modified_time\" content=\"2022-09-25T12:13:04+00:00\" \/>\n<meta property=\"og:image\" content=\"https:\/\/www.palivoslift.gr\/wp-content\/uploads\/2022\/09\/anelkistiras-platformas-1-1024x763.jpg\" \/>\n<meta name=\"twitter:card\" content=\"summary_large_image\" \/>\n<meta name=\"twitter:label1\" content=\"Tempo di lettura stimato\" \/>\n\t<meta name=\"twitter:data1\" content=\"1 minuto\" \/>\n<script type=\"application\/ld+json\" class=\"yoast-schema-graph\">{\"@context\":\"https:\\\/\\\/schema.org\",\"@graph\":[{\"@type\":\"WebPage\",\"@id\":\"https:\\\/\\\/www.palivoslift.gr\\\/%cf%80%ce%bb%ce%b1%cf%84%cf%86%cf%8c%cf%81%ce%bc%ce%b5%cf%82\\\/\",\"url\":\"https:\\\/\\\/www.palivoslift.gr\\\/%cf%80%ce%bb%ce%b1%cf%84%cf%86%cf%8c%cf%81%ce%bc%ce%b5%cf%82\\\/\",\"name\":\"Piattaforme Disabili - PALYVOS S.A - Societ\u00e0 Tecnica per Ascensori\",\"isPartOf\":{\"@id\":\"https:\\\/\\\/www.palivoslift.gr\\\/#website\"},\"primaryImageOfPage\":{\"@id\":\"https:\\\/\\\/www.palivoslift.gr\\\/%cf%80%ce%bb%ce%b1%cf%84%cf%86%cf%8c%cf%81%ce%bc%ce%b5%cf%82\\\/#primaryimage\"},\"image\":{\"@id\":\"https:\\\/\\\/www.palivoslift.gr\\\/%cf%80%ce%bb%ce%b1%cf%84%cf%86%cf%8c%cf%81%ce%bc%ce%b5%cf%82\\\/#primaryimage\"},\"thumbnailUrl\":\"https:\\\/\\\/www.palivoslift.gr\\\/wp-content\\\/uploads\\\/2022\\\/09\\\/anelkistiras-platformas-1-1024x763.jpg\",\"datePublished\":\"2022-09-24T17:14:58+00:00\",\"dateModified\":\"2022-09-25T12:13:04+00:00\",\"breadcrumb\":{\"@id\":\"https:\\\/\\\/www.palivoslift.gr\\\/%cf%80%ce%bb%ce%b1%cf%84%cf%86%cf%8c%cf%81%ce%bc%ce%b5%cf%82\\\/#breadcrumb\"},\"inLanguage\":\"it-IT\",\"potentialAction\":[{\"@type\":\"ReadAction\",\"target\":[\"https:\\\/\\\/www.palivoslift.gr\\\/%cf%80%ce%bb%ce%b1%cf%84%cf%86%cf%8c%cf%81%ce%bc%ce%b5%cf%82\\\/\"]}]},{\"@type\":\"ImageObject\",\"inLanguage\":\"it-IT\",\"@id\":\"https:\\\/\\\/www.palivoslift.gr\\\/%cf%80%ce%bb%ce%b1%cf%84%cf%86%cf%8c%cf%81%ce%bc%ce%b5%cf%82\\\/#primaryimage\",\"url\":\"https:\\\/\\\/www.palivoslift.gr\\\/wp-content\\\/uploads\\\/2022\\\/09\\\/anelkistiras-platformas-1-1024x763.jpg\",\"contentUrl\":\"https:\\\/\\\/www.palivoslift.gr\\\/wp-content\\\/uploads\\\/2022\\\/09\\\/anelkistiras-platformas-1-1024x763.jpg\"},{\"@type\":\"BreadcrumbList\",\"@id\":\"https:\\\/\\\/www.palivoslift.gr\\\/%cf%80%ce%bb%ce%b1%cf%84%cf%86%cf%8c%cf%81%ce%bc%ce%b5%cf%82\\\/#breadcrumb\",\"itemListElement\":[{\"@type\":\"ListItem\",\"position\":1,\"name\":\"Home\",\"item\":\"https:\\\/\\\/www.palivoslift.gr\\\/it\\\/\"},{\"@type\":\"ListItem\",\"position\":2,\"name\":\"Piattaforme Disabili\"}]},{\"@type\":\"WebSite\",\"@id\":\"https:\\\/\\\/www.palivoslift.gr\\\/#website\",\"url\":\"https:\\\/\\\/www.palivoslift.gr\\\/\",\"name\":\"\u03a0\u0391\u039b\u03a5\u0392\u039f\u03a3 \u0391.\u0395 - \u03a4\u03b5\u03c7\u03bd\u03b9\u03ba\u03ae \u0395\u03c4\u03b1\u03b9\u03c1\u03af\u03b1 \u0391\u03bd\u03b5\u03bb\u03ba\u03c5\u03c3\u03c4\u03ae\u03c1\u03c9\u03bd\",\"description\":\"\",\"publisher\":{\"@id\":\"https:\\\/\\\/www.palivoslift.gr\\\/#organization\"},\"potentialAction\":[{\"@type\":\"SearchAction\",\"target\":{\"@type\":\"EntryPoint\",\"urlTemplate\":\"https:\\\/\\\/www.palivoslift.gr\\\/?s={search_term_string}\"},\"query-input\":{\"@type\":\"PropertyValueSpecification\",\"valueRequired\":true,\"valueName\":\"search_term_string\"}}],\"inLanguage\":\"it-IT\"},{\"@type\":\"Organization\",\"@id\":\"https:\\\/\\\/www.palivoslift.gr\\\/#organization\",\"name\":\"\u03a0\u0391\u039b\u03a5\u0392\u039f\u03a3 \u0391.\u0395 - \u03a4\u03b5\u03c7\u03bd\u03b9\u03ba\u03ae \u0395\u03c4\u03b1\u03b9\u03c1\u03af\u03b1 \u0391\u03bd\u03b5\u03bb\u03ba\u03c5\u03c3\u03c4\u03ae\u03c1\u03c9\u03bd\",\"url\":\"https:\\\/\\\/www.palivoslift.gr\\\/\",\"logo\":{\"@type\":\"ImageObject\",\"inLanguage\":\"it-IT\",\"@id\":\"https:\\\/\\\/www.palivoslift.gr\\\/#\\\/schema\\\/logo\\\/image\\\/\",\"url\":\"https:\\\/\\\/www.palivoslift.gr\\\/wp-content\\\/uploads\\\/2022\\\/09\\\/palivos-anelkistires-black.jpg\",\"contentUrl\":\"https:\\\/\\\/www.palivoslift.gr\\\/wp-content\\\/uploads\\\/2022\\\/09\\\/palivos-anelkistires-black.jpg\",\"width\":300,\"height\":60,\"caption\":\"\u03a0\u0391\u039b\u03a5\u0392\u039f\u03a3 \u0391.\u0395 - \u03a4\u03b5\u03c7\u03bd\u03b9\u03ba\u03ae \u0395\u03c4\u03b1\u03b9\u03c1\u03af\u03b1 \u0391\u03bd\u03b5\u03bb\u03ba\u03c5\u03c3\u03c4\u03ae\u03c1\u03c9\u03bd\"},\"image\":{\"@id\":\"https:\\\/\\\/www.palivoslift.gr\\\/#\\\/schema\\\/logo\\\/image\\\/\"}}]}<\/script>\n<!-- \/ Yoast SEO plugin. -->","yoast_head_json":{"title":"Piattaforme Disabili - PALYVOS S.A - Societ\u00e0 Tecnica per Ascensori","robots":{"index":"index","follow":"follow","max-snippet":"max-snippet:-1","max-image-preview":"max-image-preview:large","max-video-preview":"max-video-preview:-1"},"canonical":"https:\/\/www.palivoslift.gr\/\u03c0\u03bb\u03b1\u03c4\u03c6\u03cc\u03c1\u03bc\u03b5\u03c2\/","og_locale":"it_IT","og_type":"article","og_title":"Piattaforme Disabili - PALYVOS S.A - Societ\u00e0 Tecnica per Ascensori","og_description":"Molti dei nostri simili devono affrontare difficolt\u00e0 motorie. In PALYVOS P. &amp; D. S.A. crediamo che tutti abbiano il diritto di viaggiare con rispetto, ...","og_url":"https:\/\/www.palivoslift.gr\/\u03c0\u03bb\u03b1\u03c4\u03c6\u03cc\u03c1\u03bc\u03b5\u03c2\/","og_site_name":"PALYVOS S.A - Societ\u00e0 Tecnica per Ascensori","article_modified_time":"2022-09-25T12:13:04+00:00","og_image":[{"url":"https:\/\/www.palivoslift.gr\/wp-content\/uploads\/2022\/09\/anelkistiras-platformas-1-1024x763.jpg","type":"","width":"","height":""}],"twitter_card":"summary_large_image","twitter_misc":{"Tempo di lettura stimato":"1 minuto"},"schema":{"@context":"https:\/\/schema.org","@graph":[{"@type":"WebPage","@id":"https:\/\/www.palivoslift.gr\/%cf%80%ce%bb%ce%b1%cf%84%cf%86%cf%8c%cf%81%ce%bc%ce%b5%cf%82\/","url":"https:\/\/www.palivoslift.gr\/%cf%80%ce%bb%ce%b1%cf%84%cf%86%cf%8c%cf%81%ce%bc%ce%b5%cf%82\/","name":"Piattaforme Disabili - PALYVOS S.A - Societ\u00e0 Tecnica per Ascensori","isPartOf":{"@id":"https:\/\/www.palivoslift.gr\/#website"},"primaryImageOfPage":{"@id":"https:\/\/www.palivoslift.gr\/%cf%80%ce%bb%ce%b1%cf%84%cf%86%cf%8c%cf%81%ce%bc%ce%b5%cf%82\/#primaryimage"},"image":{"@id":"https:\/\/www.palivoslift.gr\/%cf%80%ce%bb%ce%b1%cf%84%cf%86%cf%8c%cf%81%ce%bc%ce%b5%cf%82\/#primaryimage"},"thumbnailUrl":"https:\/\/www.palivoslift.gr\/wp-content\/uploads\/2022\/09\/anelkistiras-platformas-1-1024x763.jpg","datePublished":"2022-09-24T17:14:58+00:00","dateModified":"2022-09-25T12:13:04+00:00","breadcrumb":{"@id":"https:\/\/www.palivoslift.gr\/%cf%80%ce%bb%ce%b1%cf%84%cf%86%cf%8c%cf%81%ce%bc%ce%b5%cf%82\/#breadcrumb"},"inLanguage":"it-IT","potentialAction":[{"@type":"ReadAction","target":["https:\/\/www.palivoslift.gr\/%cf%80%ce%bb%ce%b1%cf%84%cf%86%cf%8c%cf%81%ce%bc%ce%b5%cf%82\/"]}]},{"@type":"ImageObject","inLanguage":"it-IT","@id":"https:\/\/www.palivoslift.gr\/%cf%80%ce%bb%ce%b1%cf%84%cf%86%cf%8c%cf%81%ce%bc%ce%b5%cf%82\/#primaryimage","url":"https:\/\/www.palivoslift.gr\/wp-content\/uploads\/2022\/09\/anelkistiras-platformas-1-1024x763.jpg","contentUrl":"https:\/\/www.palivoslift.gr\/wp-content\/uploads\/2022\/09\/anelkistiras-platformas-1-1024x763.jpg"},{"@type":"BreadcrumbList","@id":"https:\/\/www.palivoslift.gr\/%cf%80%ce%bb%ce%b1%cf%84%cf%86%cf%8c%cf%81%ce%bc%ce%b5%cf%82\/#breadcrumb","itemListElement":[{"@type":"ListItem","position":1,"name":"Home","item":"https:\/\/www.palivoslift.gr\/it\/"},{"@type":"ListItem","position":2,"name":"Piattaforme Disabili"}]},{"@type":"WebSite","@id":"https:\/\/www.palivoslift.gr\/#website","url":"https:\/\/www.palivoslift.gr\/","name":"\u03a0\u0391\u039b\u03a5\u0392\u039f\u03a3 \u0391.\u0395 - \u03a4\u03b5\u03c7\u03bd\u03b9\u03ba\u03ae \u0395\u03c4\u03b1\u03b9\u03c1\u03af\u03b1 \u0391\u03bd\u03b5\u03bb\u03ba\u03c5\u03c3\u03c4\u03ae\u03c1\u03c9\u03bd","description":"","publisher":{"@id":"https:\/\/www.palivoslift.gr\/#organization"},"potentialAction":[{"@type":"SearchAction","target":{"@type":"EntryPoint","urlTemplate":"https:\/\/www.palivoslift.gr\/?s={search_term_string}"},"query-input":{"@type":"PropertyValueSpecification","valueRequired":true,"valueName":"search_term_string"}}],"inLanguage":"it-IT"},{"@type":"Organization","@id":"https:\/\/www.palivoslift.gr\/#organization","name":"\u03a0\u0391\u039b\u03a5\u0392\u039f\u03a3 \u0391.\u0395 - \u03a4\u03b5\u03c7\u03bd\u03b9\u03ba\u03ae \u0395\u03c4\u03b1\u03b9\u03c1\u03af\u03b1 \u0391\u03bd\u03b5\u03bb\u03ba\u03c5\u03c3\u03c4\u03ae\u03c1\u03c9\u03bd","url":"https:\/\/www.palivoslift.gr\/","logo":{"@type":"ImageObject","inLanguage":"it-IT","@id":"https:\/\/www.palivoslift.gr\/#\/schema\/logo\/image\/","url":"https:\/\/www.palivoslift.gr\/wp-content\/uploads\/2022\/09\/palivos-anelkistires-black.jpg","contentUrl":"https:\/\/www.palivoslift.gr\/wp-content\/uploads\/2022\/09\/palivos-anelkistires-black.jpg","width":300,"height":60,"caption":"\u03a0\u0391\u039b\u03a5\u0392\u039f\u03a3 \u0391.\u0395 - \u03a4\u03b5\u03c7\u03bd\u03b9\u03ba\u03ae \u0395\u03c4\u03b1\u03b9\u03c1\u03af\u03b1 \u0391\u03bd\u03b5\u03bb\u03ba\u03c5\u03c3\u03c4\u03ae\u03c1\u03c9\u03bd"},"image":{"@id":"https:\/\/www.palivoslift.gr\/#\/schema\/logo\/image\/"}}]}},"_links":{"self":[{"href":"https:\/\/www.palivoslift.gr\/it\/wp-json\/wp\/v2\/pages\/1608","targetHints":{"allow":["GET"]}}],"collection":[{"href":"https:\/\/www.palivoslift.gr\/it\/wp-json\/wp\/v2\/pages"}],"about":[{"href":"https:\/\/www.palivoslift.gr\/it\/wp-json\/wp\/v2\/types\/page"}],"author":[{"embeddable":true,"href":"https:\/\/www.palivoslift.gr\/it\/wp-json\/wp\/v2\/users\/1"}],"replies":[{"embeddable":true,"href":"https:\/\/www.palivoslift.gr\/it\/wp-json\/wp\/v2\/comments?post=1608"}],"version-history":[{"count":1,"href":"https:\/\/www.palivoslift.gr\/it\/wp-json\/wp\/v2\/pages\/1608\/revisions"}],"predecessor-version":[{"id":1609,"href":"https:\/\/www.palivoslift.gr\/it\/wp-json\/wp\/v2\/pages\/1608\/revisions\/1609"}],"wp:attachment":[{"href":"https:\/\/www.palivoslift.gr\/it\/wp-json\/wp\/v2\/media?parent=1608"}],"curies":[{"name":"wp","href":"https:\/\/api.w.org\/{rel}","templated":true}]}}