{"id":1644,"date":"2022-09-25T08:59:49","date_gmt":"2022-09-25T05:59:49","guid":{"rendered":"https:\/\/www.palivoslift.gr\/istruzioni-per-lestrazione\/"},"modified":"2022-09-25T16:04:00","modified_gmt":"2022-09-25T13:04:00","slug":"istruzioni-per-lestrazione","status":"publish","type":"page","link":"https:\/\/www.palivoslift.gr\/it\/istruzioni-per-lestrazione\/","title":{"rendered":"Istruzioni per l&#8217;Estrazione"},"content":{"rendered":"\n<h3 class=\"wp-block-heading\">ISTRUZIONI PER SBLOCCO ASCENSORI CONVENZIONALI<\/h3>\n\n<p>Nel caso in cui una persona rimanga intrappolata nell&#8217;ascensore, le azioni da intraprendere per districarla in modo rapido e sicuro sono le seguenti:<\/p>\n\n<ul class=\"wp-block-list\"><li>Prima di tutto, viene individuata la persona intrappolata. Cio\u00e8, a che punto la camera si \u00e8 fermata.<\/li><li>Quindi andiamo in sala macchine dove disattiviamo la corrente di azionamento (l&#8217;interruttore trifase). Questa mossa \u00e8 per motivi di sicurezza ed \u00e8 importante.<\/li><li>Quindi, a seconda di dove si \u00e8 fermata la cabina dell&#8217;ascensore, agiamo come segue:<ol><li>Se la cabina si \u00e8 fermata fino a 50 cm sopra o sotto il pavimento (questo si pu\u00f2 sapere solo dopo aver segnalato l&#8217;intrappolato) apriamo la serratura con un cacciavite piatto o con l&#8217;apposita chiave dove apriamo cos\u00ec la porta dell&#8217;ascensore. La serratura si apre dall&#8217;apposito foro nel telaio della porta.<\/li><li>Se la cabina si \u00e8 fermata tra due piani, allora agiamo come segue: Andiamo nella sala macchine dove si trova il motore. Nella parte superiore della macchina c&#8217;\u00e8 una canna (questo \u00e8 il freno). Ha una farfalla, che tiriamo su e il freno viene rilasciato. Quindi, con il freno aperto (acceleratore permanentemente sollevato), ruotare il volano del motore nella direzione in cui gira pi\u00f9 facilmente (sinistra o destra). In consultazione con la persona intrappolata, quando la camera normalmente raggiunge un piano ci fermiamo e la persona intrappolata \u00e8 ora in grado di uscire dalla camera.<\/li><\/ol><\/li><li>Infine, contattaci per la riparazione immediata del danno.<\/li><\/ul>\n<p><strong>TELEFONI DI EMERGENZA: (210-2923095, 210-2918700)<\/strong><\/p>\n\n<h3 class=\"wp-block-heading\">ISTRUZIONI DI SBLOCCO ASCENSORI IDRAULICI<\/h3>\n\n<p>Nel caso in cui una persona rimanga intrappolata nell&#8217;ascensore, le azioni da intraprendere per districarla in modo rapido e sicuro sono le seguenti:<\/p>\n\n<ul class=\"wp-block-list\"><li>Prima di tutto, viene individuata la persona intrappolata. Cio\u00e8, a che punto la camera si \u00e8 fermata.<\/li><li>Quindi andiamo in sala macchine dove togliamo la corrente di azionamento (l&#8217;interruttore trifase), questa mossa \u00e8 per motivi di sicurezza ed \u00e8 importante.<\/li><li>Quindi, a seconda di dove si \u00e8 fermata la cabina dell&#8217;ascensore, agiamo come segue:<ol><li>Se la cabina si \u00e8 fermata fino a 50 cm sopra o sotto il pavimento (questo si pu\u00f2 sapere solo dopo aver segnalato l&#8217;intrappolato) apriamo la serratura con un cacciavite piatto o con l&#8217;apposita chiave dove apriamo cos\u00ec la porta dell&#8217;ascensore. La serratura si apre dall&#8217;apposito foro nel telaio della porta.<\/li><li>Se la camera si \u00e8 fermata tra due piani, agiamo come segue: andiamo nella sala macchine dove si trova il serbatoio. Sulla parte superiore del serbatoio c&#8217;\u00e8 il gruppo di valvole dove si trova la valvola di sfiato, (\u00e8 un colore bordeaux). \u00c8 in senso antiorario e pi\u00f9 lo premiamo, pi\u00f9 l&#8217;ascensore scende, quando lo lasci andare si chiude da solo. In consultazione con la persona intrappolata, quando la camera normalmente raggiunge un piano ci fermiamo e la persona intrappolata \u00e8 ora in grado di uscire dalla camera.<\/li><\/ol><\/li><li>Infine, contattaci per la riparazione immediata del danno.<\/li><\/ul>\n<p><strong>TELEFONI DI EMERGENZA: (210-2923095, 210-2918700)<\/strong><\/p>\n","protected":false},"excerpt":{"rendered":"<p>ISTRUZIONI PER SBLOCCO ASCENSORI CONVENZIONALI Nel caso in cui una persona rimanga intrappolata nell&#8217;ascensore, le azioni da intraprendere per districarla in modo rapido e &#8230;<\/p>\n","protected":false},"author":1,"featured_media":0,"parent":0,"menu_order":0,"comment_status":"closed","ping_status":"closed","template":"","meta":{"footnotes":""},"class_list":["post-1644","page","type-page","status-publish","hentry"],"yoast_head":"<!-- This site is optimized with the Yoast SEO plugin v27.5 - https:\/\/yoast.com\/product\/yoast-seo-wordpress\/ -->\n<title>Istruzioni per l&#039;Estrazione - PALYVOS S.A - Societ\u00e0 Tecnica per Ascensori<\/title>\n<meta name=\"robots\" content=\"index, follow, max-snippet:-1, max-image-preview:large, max-video-preview:-1\" \/>\n<link rel=\"canonical\" href=\"https:\/\/www.palivoslift.gr\/\u03bf\u03b4\u03b7\u03b3\u03af\u03b5\u03c2-\u03b1\u03c0\u03b5\u03b3\u03ba\u03bb\u03c9\u03b2\u03b9\u03c3\u03bc\u03bf\u03cd\/\" \/>\n<meta property=\"og:locale\" content=\"it_IT\" \/>\n<meta property=\"og:type\" content=\"article\" \/>\n<meta property=\"og:title\" content=\"Istruzioni per l&#039;Estrazione - PALYVOS S.A - Societ\u00e0 Tecnica per Ascensori\" \/>\n<meta property=\"og:description\" content=\"ISTRUZIONI PER SBLOCCO ASCENSORI CONVENZIONALI Nel caso in cui una persona rimanga intrappolata nell&#8217;ascensore, le azioni da intraprendere per districarla in modo rapido e ...\" \/>\n<meta property=\"og:url\" content=\"https:\/\/www.palivoslift.gr\/\u03bf\u03b4\u03b7\u03b3\u03af\u03b5\u03c2-\u03b1\u03c0\u03b5\u03b3\u03ba\u03bb\u03c9\u03b2\u03b9\u03c3\u03bc\u03bf\u03cd\/\" \/>\n<meta property=\"og:site_name\" content=\"PALYVOS S.A - Societ\u00e0 Tecnica per Ascensori\" \/>\n<meta property=\"article:modified_time\" content=\"2022-09-25T13:04:00+00:00\" \/>\n<meta name=\"twitter:card\" content=\"summary_large_image\" \/>\n<meta name=\"twitter:label1\" content=\"Tempo di lettura stimato\" \/>\n\t<meta name=\"twitter:data1\" content=\"2 minuti\" \/>\n<script type=\"application\/ld+json\" class=\"yoast-schema-graph\">{\"@context\":\"https:\\\/\\\/schema.org\",\"@graph\":[{\"@type\":\"WebPage\",\"@id\":\"https:\\\/\\\/www.palivoslift.gr\\\/%ce%bf%ce%b4%ce%b7%ce%b3%ce%af%ce%b5%cf%82-%ce%b1%cf%80%ce%b5%ce%b3%ce%ba%ce%bb%cf%89%ce%b2%ce%b9%cf%83%ce%bc%ce%bf%cf%8d\\\/\",\"url\":\"https:\\\/\\\/www.palivoslift.gr\\\/%ce%bf%ce%b4%ce%b7%ce%b3%ce%af%ce%b5%cf%82-%ce%b1%cf%80%ce%b5%ce%b3%ce%ba%ce%bb%cf%89%ce%b2%ce%b9%cf%83%ce%bc%ce%bf%cf%8d\\\/\",\"name\":\"Istruzioni per l'Estrazione - PALYVOS S.A - Societ\u00e0 Tecnica per Ascensori\",\"isPartOf\":{\"@id\":\"https:\\\/\\\/www.palivoslift.gr\\\/#website\"},\"datePublished\":\"2022-09-25T05:59:49+00:00\",\"dateModified\":\"2022-09-25T13:04:00+00:00\",\"breadcrumb\":{\"@id\":\"https:\\\/\\\/www.palivoslift.gr\\\/%ce%bf%ce%b4%ce%b7%ce%b3%ce%af%ce%b5%cf%82-%ce%b1%cf%80%ce%b5%ce%b3%ce%ba%ce%bb%cf%89%ce%b2%ce%b9%cf%83%ce%bc%ce%bf%cf%8d\\\/#breadcrumb\"},\"inLanguage\":\"it-IT\",\"potentialAction\":[{\"@type\":\"ReadAction\",\"target\":[\"https:\\\/\\\/www.palivoslift.gr\\\/%ce%bf%ce%b4%ce%b7%ce%b3%ce%af%ce%b5%cf%82-%ce%b1%cf%80%ce%b5%ce%b3%ce%ba%ce%bb%cf%89%ce%b2%ce%b9%cf%83%ce%bc%ce%bf%cf%8d\\\/\"]}]},{\"@type\":\"BreadcrumbList\",\"@id\":\"https:\\\/\\\/www.palivoslift.gr\\\/%ce%bf%ce%b4%ce%b7%ce%b3%ce%af%ce%b5%cf%82-%ce%b1%cf%80%ce%b5%ce%b3%ce%ba%ce%bb%cf%89%ce%b2%ce%b9%cf%83%ce%bc%ce%bf%cf%8d\\\/#breadcrumb\",\"itemListElement\":[{\"@type\":\"ListItem\",\"position\":1,\"name\":\"Home\",\"item\":\"https:\\\/\\\/www.palivoslift.gr\\\/it\\\/\"},{\"@type\":\"ListItem\",\"position\":2,\"name\":\"Istruzioni per l&#8217;Estrazione\"}]},{\"@type\":\"WebSite\",\"@id\":\"https:\\\/\\\/www.palivoslift.gr\\\/#website\",\"url\":\"https:\\\/\\\/www.palivoslift.gr\\\/\",\"name\":\"\u03a0\u0391\u039b\u03a5\u0392\u039f\u03a3 \u0391.\u0395 - \u03a4\u03b5\u03c7\u03bd\u03b9\u03ba\u03ae \u0395\u03c4\u03b1\u03b9\u03c1\u03af\u03b1 \u0391\u03bd\u03b5\u03bb\u03ba\u03c5\u03c3\u03c4\u03ae\u03c1\u03c9\u03bd\",\"description\":\"\",\"publisher\":{\"@id\":\"https:\\\/\\\/www.palivoslift.gr\\\/#organization\"},\"potentialAction\":[{\"@type\":\"SearchAction\",\"target\":{\"@type\":\"EntryPoint\",\"urlTemplate\":\"https:\\\/\\\/www.palivoslift.gr\\\/?s={search_term_string}\"},\"query-input\":{\"@type\":\"PropertyValueSpecification\",\"valueRequired\":true,\"valueName\":\"search_term_string\"}}],\"inLanguage\":\"it-IT\"},{\"@type\":\"Organization\",\"@id\":\"https:\\\/\\\/www.palivoslift.gr\\\/#organization\",\"name\":\"\u03a0\u0391\u039b\u03a5\u0392\u039f\u03a3 \u0391.\u0395 - \u03a4\u03b5\u03c7\u03bd\u03b9\u03ba\u03ae \u0395\u03c4\u03b1\u03b9\u03c1\u03af\u03b1 \u0391\u03bd\u03b5\u03bb\u03ba\u03c5\u03c3\u03c4\u03ae\u03c1\u03c9\u03bd\",\"url\":\"https:\\\/\\\/www.palivoslift.gr\\\/\",\"logo\":{\"@type\":\"ImageObject\",\"inLanguage\":\"it-IT\",\"@id\":\"https:\\\/\\\/www.palivoslift.gr\\\/#\\\/schema\\\/logo\\\/image\\\/\",\"url\":\"https:\\\/\\\/www.palivoslift.gr\\\/wp-content\\\/uploads\\\/2022\\\/09\\\/palivos-anelkistires-black.jpg\",\"contentUrl\":\"https:\\\/\\\/www.palivoslift.gr\\\/wp-content\\\/uploads\\\/2022\\\/09\\\/palivos-anelkistires-black.jpg\",\"width\":300,\"height\":60,\"caption\":\"\u03a0\u0391\u039b\u03a5\u0392\u039f\u03a3 \u0391.\u0395 - \u03a4\u03b5\u03c7\u03bd\u03b9\u03ba\u03ae \u0395\u03c4\u03b1\u03b9\u03c1\u03af\u03b1 \u0391\u03bd\u03b5\u03bb\u03ba\u03c5\u03c3\u03c4\u03ae\u03c1\u03c9\u03bd\"},\"image\":{\"@id\":\"https:\\\/\\\/www.palivoslift.gr\\\/#\\\/schema\\\/logo\\\/image\\\/\"}}]}<\/script>\n<!-- \/ Yoast SEO plugin. -->","yoast_head_json":{"title":"Istruzioni per l'Estrazione - PALYVOS S.A - Societ\u00e0 Tecnica per Ascensori","robots":{"index":"index","follow":"follow","max-snippet":"max-snippet:-1","max-image-preview":"max-image-preview:large","max-video-preview":"max-video-preview:-1"},"canonical":"https:\/\/www.palivoslift.gr\/\u03bf\u03b4\u03b7\u03b3\u03af\u03b5\u03c2-\u03b1\u03c0\u03b5\u03b3\u03ba\u03bb\u03c9\u03b2\u03b9\u03c3\u03bc\u03bf\u03cd\/","og_locale":"it_IT","og_type":"article","og_title":"Istruzioni per l'Estrazione - PALYVOS S.A - Societ\u00e0 Tecnica per Ascensori","og_description":"ISTRUZIONI PER SBLOCCO ASCENSORI CONVENZIONALI Nel caso in cui una persona rimanga intrappolata nell&#8217;ascensore, le azioni da intraprendere per districarla in modo rapido e ...","og_url":"https:\/\/www.palivoslift.gr\/\u03bf\u03b4\u03b7\u03b3\u03af\u03b5\u03c2-\u03b1\u03c0\u03b5\u03b3\u03ba\u03bb\u03c9\u03b2\u03b9\u03c3\u03bc\u03bf\u03cd\/","og_site_name":"PALYVOS S.A - Societ\u00e0 Tecnica per Ascensori","article_modified_time":"2022-09-25T13:04:00+00:00","twitter_card":"summary_large_image","twitter_misc":{"Tempo di lettura stimato":"2 minuti"},"schema":{"@context":"https:\/\/schema.org","@graph":[{"@type":"WebPage","@id":"https:\/\/www.palivoslift.gr\/%ce%bf%ce%b4%ce%b7%ce%b3%ce%af%ce%b5%cf%82-%ce%b1%cf%80%ce%b5%ce%b3%ce%ba%ce%bb%cf%89%ce%b2%ce%b9%cf%83%ce%bc%ce%bf%cf%8d\/","url":"https:\/\/www.palivoslift.gr\/%ce%bf%ce%b4%ce%b7%ce%b3%ce%af%ce%b5%cf%82-%ce%b1%cf%80%ce%b5%ce%b3%ce%ba%ce%bb%cf%89%ce%b2%ce%b9%cf%83%ce%bc%ce%bf%cf%8d\/","name":"Istruzioni per l'Estrazione - PALYVOS S.A - Societ\u00e0 Tecnica per Ascensori","isPartOf":{"@id":"https:\/\/www.palivoslift.gr\/#website"},"datePublished":"2022-09-25T05:59:49+00:00","dateModified":"2022-09-25T13:04:00+00:00","breadcrumb":{"@id":"https:\/\/www.palivoslift.gr\/%ce%bf%ce%b4%ce%b7%ce%b3%ce%af%ce%b5%cf%82-%ce%b1%cf%80%ce%b5%ce%b3%ce%ba%ce%bb%cf%89%ce%b2%ce%b9%cf%83%ce%bc%ce%bf%cf%8d\/#breadcrumb"},"inLanguage":"it-IT","potentialAction":[{"@type":"ReadAction","target":["https:\/\/www.palivoslift.gr\/%ce%bf%ce%b4%ce%b7%ce%b3%ce%af%ce%b5%cf%82-%ce%b1%cf%80%ce%b5%ce%b3%ce%ba%ce%bb%cf%89%ce%b2%ce%b9%cf%83%ce%bc%ce%bf%cf%8d\/"]}]},{"@type":"BreadcrumbList","@id":"https:\/\/www.palivoslift.gr\/%ce%bf%ce%b4%ce%b7%ce%b3%ce%af%ce%b5%cf%82-%ce%b1%cf%80%ce%b5%ce%b3%ce%ba%ce%bb%cf%89%ce%b2%ce%b9%cf%83%ce%bc%ce%bf%cf%8d\/#breadcrumb","itemListElement":[{"@type":"ListItem","position":1,"name":"Home","item":"https:\/\/www.palivoslift.gr\/it\/"},{"@type":"ListItem","position":2,"name":"Istruzioni per l&#8217;Estrazione"}]},{"@type":"WebSite","@id":"https:\/\/www.palivoslift.gr\/#website","url":"https:\/\/www.palivoslift.gr\/","name":"\u03a0\u0391\u039b\u03a5\u0392\u039f\u03a3 \u0391.\u0395 - \u03a4\u03b5\u03c7\u03bd\u03b9\u03ba\u03ae \u0395\u03c4\u03b1\u03b9\u03c1\u03af\u03b1 \u0391\u03bd\u03b5\u03bb\u03ba\u03c5\u03c3\u03c4\u03ae\u03c1\u03c9\u03bd","description":"","publisher":{"@id":"https:\/\/www.palivoslift.gr\/#organization"},"potentialAction":[{"@type":"SearchAction","target":{"@type":"EntryPoint","urlTemplate":"https:\/\/www.palivoslift.gr\/?s={search_term_string}"},"query-input":{"@type":"PropertyValueSpecification","valueRequired":true,"valueName":"search_term_string"}}],"inLanguage":"it-IT"},{"@type":"Organization","@id":"https:\/\/www.palivoslift.gr\/#organization","name":"\u03a0\u0391\u039b\u03a5\u0392\u039f\u03a3 \u0391.\u0395 - \u03a4\u03b5\u03c7\u03bd\u03b9\u03ba\u03ae \u0395\u03c4\u03b1\u03b9\u03c1\u03af\u03b1 \u0391\u03bd\u03b5\u03bb\u03ba\u03c5\u03c3\u03c4\u03ae\u03c1\u03c9\u03bd","url":"https:\/\/www.palivoslift.gr\/","logo":{"@type":"ImageObject","inLanguage":"it-IT","@id":"https:\/\/www.palivoslift.gr\/#\/schema\/logo\/image\/","url":"https:\/\/www.palivoslift.gr\/wp-content\/uploads\/2022\/09\/palivos-anelkistires-black.jpg","contentUrl":"https:\/\/www.palivoslift.gr\/wp-content\/uploads\/2022\/09\/palivos-anelkistires-black.jpg","width":300,"height":60,"caption":"\u03a0\u0391\u039b\u03a5\u0392\u039f\u03a3 \u0391.\u0395 - \u03a4\u03b5\u03c7\u03bd\u03b9\u03ba\u03ae \u0395\u03c4\u03b1\u03b9\u03c1\u03af\u03b1 \u0391\u03bd\u03b5\u03bb\u03ba\u03c5\u03c3\u03c4\u03ae\u03c1\u03c9\u03bd"},"image":{"@id":"https:\/\/www.palivoslift.gr\/#\/schema\/logo\/image\/"}}]}},"_links":{"self":[{"href":"https:\/\/www.palivoslift.gr\/it\/wp-json\/wp\/v2\/pages\/1644","targetHints":{"allow":["GET"]}}],"collection":[{"href":"https:\/\/www.palivoslift.gr\/it\/wp-json\/wp\/v2\/pages"}],"about":[{"href":"https:\/\/www.palivoslift.gr\/it\/wp-json\/wp\/v2\/types\/page"}],"author":[{"embeddable":true,"href":"https:\/\/www.palivoslift.gr\/it\/wp-json\/wp\/v2\/users\/1"}],"replies":[{"embeddable":true,"href":"https:\/\/www.palivoslift.gr\/it\/wp-json\/wp\/v2\/comments?post=1644"}],"version-history":[{"count":1,"href":"https:\/\/www.palivoslift.gr\/it\/wp-json\/wp\/v2\/pages\/1644\/revisions"}],"predecessor-version":[{"id":1645,"href":"https:\/\/www.palivoslift.gr\/it\/wp-json\/wp\/v2\/pages\/1644\/revisions\/1645"}],"wp:attachment":[{"href":"https:\/\/www.palivoslift.gr\/it\/wp-json\/wp\/v2\/media?parent=1644"}],"curies":[{"name":"wp","href":"https:\/\/api.w.org\/{rel}","templated":true}]}}